{"id":480,"date":"2021-04-30T06:15:40","date_gmt":"2021-04-30T06:15:40","guid":{"rendered":"http:\/\/box2392.temp.domains\/~colombt6\/?page_id=480"},"modified":"2021-07-13T22:16:42","modified_gmt":"2021-07-13T22:16:42","slug":"liderazgo-2","status":"publish","type":"page","link":"https:\/\/www.colombianitos.org\/en\/liderazgo-2\/","title":{"rendered":"Leadership"},"content":{"rendered":"<body><p>[et_pb_section fb_built=\u201d1\u2033 custom_padding_last_edited=\u201don|phone\u201d admin_label=\u201dBanner Inicio\u201d _builder_version=\u201d4.9.4\u2033 _module_preset=\u201ddefault\u201d background_color=\u201drgba(0,0,0,0.48)\u201d background_image=\u201dhttps:\/\/www.colombianitos.org\/wp-content\/uploads\/2021\/04\/Banner-Liderazgo.jpg\u201d background_blend=\u201dmultiply\u201d background_enable_video_mp4=\u201doff\u201d min_height=\u201d509.6px\u201d min_height_tablet=\u201d\u201d min_height_phone=\u201d\u201d min_height_last_edited=\u201don|phone\u201d custom_padding=\u201d||109px|||\u201d custom_padding_tablet=\u201d\u201d custom_padding_phone=\u201d||0px||false|false\u201d da_disable_devices=\u201doff|off|off\u201d da_is_popup=\u201doff\u201d da_exit_intent=\u201doff\u201d da_has_close=\u201don\u201d da_alt_close=\u201doff\u201d da_dark_close=\u201doff\u201d da_not_modal=\u201don\u201d da_is_singular=\u201doff\u201d da_with_loader=\u201doff\u201d da_has_shadow=\u201don\u201d][et_pb_row custom_padding_last_edited=\u201don|phone\u201d _builder_version=\u201d4.9.4\u2033 _module_preset=\u201ddefault\u201d min_height=\u201d358.2px\u201d custom_padding=\u201d113px||||false|false\u201d custom_padding_tablet=\u201d\u201d custom_padding_phone=\u201d0px||||false|false\u201d][et_pb_column type=\u201d4_4\u2033 _builder_version=\u201d4.9.4\u2033 _module_preset=\u201ddefault\u201d][et_pb_text admin_label=\u201dTexto Banner\u201d _builder_version=\u201d4.9.4\u2033 _module_preset=\u201ddefault\u201d text_font=\u201d||||||||\u201d text_text_color=\u201d#FFFFFF\u201d text_font_size=\u201d30px\u201d header_font=\u201d|800|||||||\u201d header_text_color=\u201d#FFFFFF\u201d header_font_size=\u201d50px\u201d header_line_height=\u201d1.3em\u201d custom_margin=\u201d28px|||||\u201d animation_style=\u201dfade\u201d animation_delay=\u201d150ms\u201d animation_speed_curve=\u201dlinear\u201d text_font_size_tablet=\u201d\u201d text_font_size_phone=\u201d25px\u201d text_font_size_last_edited=\u201don|phone\u201d header_font_size_tablet=\u201d\u201d header_font_size_phone=\u201d35px\u201d header_font_size_last_edited=\u201don|phone\u201d]<\/p>\n<h1>PEDAGOGICAL CURRICULUM:<\/h1>\n<p>Leadership<\/p>\n<p>[\/et_pb_text][et_pb_button button_text=\u201dVer Todos\u201d _builder_version=\u201d4.9.4\u2033 _module_preset=\u201ddefault\u201d background_layout=\u201ddark\u201d animation_style=\u201dfade\u201d][\/et_pb_button][\/et_pb_column][\/et_pb_row][\/et_pb_section][et_pb_section fb_built=\u201d1\u2033 _builder_version=\u201d4.9.4\u2033 _module_preset=\u201ddefault\u201d background_image=\u201dhttps:\/\/www.colombianitos.org\/wp-content\/uploads\/2021\/04\/Fondo-dos-caritas-aarriba-07.png\u201d background_position=\u201dtop_right\u201d da_disable_devices=\u201doff|off|off\u201d da_is_popup=\u201doff\u201d da_exit_intent=\u201doff\u201d da_has_close=\u201don\u201d da_alt_close=\u201doff\u201d da_dark_close=\u201doff\u201d da_not_modal=\u201don\u201d da_is_singular=\u201doff\u201d da_with_loader=\u201doff\u201d da_has_shadow=\u201don\u201d][et_pb_row column_structure=\u201d1_3,1_3,1_3\u2033 _builder_version=\u201d4.9.4\u2033 _module_preset=\u201ddefault\u201d][et_pb_column type=\u201d1_3\u2033 _builder_version=\u201d4.9.4\u2033 _module_preset=\u201ddefault\u201d][et_pb_image src=\u201dhttps:\/\/www.colombianitos.org\/wp-content\/uploads\/2021\/04\/Liderazgo.png\u201d title_text=\u201dLiderazgo\u201d _builder_version=\u201d4.9.4\u2033 _module_preset=\u201ddefault\u201d width=\u201d80%\u201d][\/et_pb_image][\/et_pb_column][et_pb_column type=\u201d1_3\u2033 _builder_version=\u201d4.9.4\u2033 _module_preset=\u201ddefault\u201d][\/et_pb_column][et_pb_column type=\u201d1_3\u2033 _builder_version=\u201d4.9.4\u2033 _module_preset=\u201ddefault\u201d][\/et_pb_column][\/et_pb_row][et_pb_row _builder_version=\u201d4.9.4\u2033 _module_preset=\u201ddefault\u201d][et_pb_column type=\u201d4_4\u2033 _builder_version=\u201d4.9.4\u2033 _module_preset=\u201ddefault\u201d][et_pb_text _builder_version=\u201d4.9.4\u2033 _module_preset=\u201ddefault\u201d text_font_size=\u201d22px\u201d header_font=\u201d|800|||||||\u201d header_font_size=\u201d43px\u201d custom_margin_tablet=\u201d\u201d custom_margin_phone=\u201d||||false|false\u201d custom_margin_last_edited=\u201don|phone\u201d]<\/p>\n<h1>Leadership<\/h1>\n<p>We are Colombianitos changing the world<\/p>\n<p>[\/et_pb_text][\/et_pb_column][\/et_pb_row][et_pb_row _builder_version=\u201d4.9.4\u2033 _module_preset=\u201ddefault\u201d][et_pb_column type=\u201d4_4\u2033 _builder_version=\u201d4.9.4\u2033 _module_preset=\u201ddefault\u201d][et_pb_text _builder_version=\u201d4.9.4\u2033 _module_preset=\u201ddefault\u201d text_font_size=\u201d18px\u201d text_line_height=\u201d1.8em\u201d hover_enabled=\u201d0\u2033 sticky_enabled=\u201d0\u2033]<\/p>\n<p><span style=\"font-weight: 400;\">The social life of teenagers and young adults at school and in their neighborhoods is activated\nthrough group formation that in many cases requires guidance to reflect on their life projects and the role they can play within their communities.<\/span><\/p>\n<p><span style=\"font-weight: 400;\">For this reason, we have built a curriculum through sports that offer opportunities to increase social and leadership skills by structuring personal projects and developing community projects.<\/span><\/p>\n<p>1.293 boys and girls have benefited from this curriculum.<\/p>\n<p>[\/et_pb_text][\/et_pb_column][\/et_pb_row][\/et_pb_section][et_pb_section fb_built=\u201d1\u2033 _builder_version=\u201d4.9.4\u2033 _module_preset=\u201ddefault\u201d custom_padding=\u201d0px||0px|||\u201d da_disable_devices=\u201doff|off|off\u201d da_is_popup=\u201doff\u201d da_exit_intent=\u201doff\u201d da_has_close=\u201don\u201d da_alt_close=\u201doff\u201d da_dark_close=\u201doff\u201d da_not_modal=\u201don\u201d da_is_singular=\u201doff\u201d da_with_loader=\u201doff\u201d da_has_shadow=\u201don\u201d][et_pb_row use_custom_gutter=\u201don\u201d gutter_width=\u201d1\u2033 _builder_version=\u201d4.9.4\u2033 _module_preset=\u201ddefault\u201d max_width=\u201d100%\u201d custom_padding=\u201d2px||0px|||\u201d][et_pb_column type=\u201d4_4\u2033 _builder_version=\u201d4.9.4\u2033 _module_preset=\u201ddefault\u201d][dica_divi_carousel item_width_auto=\u201don\u201d item_width=\u201d100%\u201d multislide=\u201don\u201d autoplay=\u201don\u201d hoverpause=\u201don\u201d arrow_nav=\u201don\u201d equal_height=\u201don\u201d advanced_effect=\u201d1\u2033 arrow_alignment=\u201dcenter\u201d _builder_version=\u201d4.9.4\u2033 _module_preset=\u201ddefault\u201d custom_padding=\u201d||0px|||\u201d][dica_divi_carouselitem button_url_new_window=\u201d1\u2033 image=\u201dhttps:\/\/www.colombianitos.org\/wp-content\/uploads\/2021\/06\/13052021-1-3.jpg\u201d _builder_version=\u201d4.9.4\u2033 _module_preset=\u201ddefault\u201d][\/dica_divi_carouselitem][dica_divi_carouselitem button_url_new_window=\u201d1\u2033 image=\u201dhttps:\/\/www.colombianitos.org\/wp-content\/uploads\/2021\/06\/13052021-10-2.jpg\u201d _builder_version=\u201d4.9.4\u2033 _module_preset=\u201ddefault\u201d][\/dica_divi_carouselitem][dica_divi_carouselitem button_url_new_window=\u201d1\u2033 image=\u201dhttps:\/\/www.colombianitos.org\/wp-content\/uploads\/2021\/06\/13052021-2-3.jpg\u201d _builder_version=\u201d4.9.4\u2033 _module_preset=\u201ddefault\u201d][\/dica_divi_carouselitem][dica_divi_carouselitem button_url_new_window=\u201d1\u2033 image=\u201dhttps:\/\/www.colombianitos.org\/wp-content\/uploads\/2021\/06\/13052021-3-3.jpg\u201d _builder_version=\u201d4.9.4\u2033 _module_preset=\u201ddefault\u201d][\/dica_divi_carouselitem][dica_divi_carouselitem button_url_new_window=\u201d1\u2033 image=\u201dhttps:\/\/www.colombianitos.org\/wp-content\/uploads\/2021\/06\/13052021-4-3.jpg\u201d _builder_version=\u201d4.9.4\u2033 _module_preset=\u201ddefault\u201d][\/dica_divi_carouselitem][dica_divi_carouselitem button_url_new_window=\u201d1\u2033 image=\u201dhttps:\/\/www.colombianitos.org\/wp-content\/uploads\/2021\/06\/13052021-5-3.jpg\u201d _builder_version=\u201d4.9.4\u2033 _module_preset=\u201ddefault\u201d][\/dica_divi_carouselitem][dica_divi_carouselitem button_url_new_window=\u201d1\u2033 image=\u201dhttps:\/\/www.colombianitos.org\/wp-content\/uploads\/2021\/06\/13052021-8-2.jpg\u201d _builder_version=\u201d4.9.4\u2033 _module_preset=\u201ddefault\u201d][\/dica_divi_carouselitem][dica_divi_carouselitem button_url_new_window=\u201d1\u2033 image=\u201dhttps:\/\/www.colombianitos.org\/wp-content\/uploads\/2021\/06\/13052021-11-2.jpg\u201d _builder_version=\u201d4.9.4\u2033 _module_preset=\u201ddefault\u201d][\/dica_divi_carouselitem][dica_divi_carouselitem button_url_new_window=\u201d1\u2033 image=\u201dhttps:\/\/www.colombianitos.org\/wp-content\/uploads\/2021\/06\/13052021-12-1.jpg\u201d _builder_version=\u201d4.9.4\u2033 _module_preset=\u201ddefault\u201d][\/dica_divi_carouselitem][dica_divi_carouselitem button_url_new_window=\u201d1\u2033 image=\u201dhttps:\/\/www.colombianitos.org\/wp-content\/uploads\/2021\/06\/13052021-6-3.jpg\u201d _builder_version=\u201d4.9.4\u2033 _module_preset=\u201ddefault\u201d][\/dica_divi_carouselitem][\/dica_divi_carousel][\/et_pb_column][\/et_pb_row][\/et_pb_section][et_pb_section fb_built=\u201d1\u2033 _builder_version=\u201d4.9.4\u2033 _module_preset=\u201ddefault\u201d background_image=\u201dhttp:\/\/box2392.temp.domains\/~colombt6\/wp-content\/uploads\/2021\/04\/Fondo-una-carita-arriba-2-06.png\u201d background_position=\u201dtop_right\u201d custom_margin=\u201d-10px|||||\u201d custom_padding=\u201d41px||6px|||\u201d da_disable_devices=\u201doff|off|off\u201d da_is_popup=\u201doff\u201d da_exit_intent=\u201doff\u201d da_has_close=\u201don\u201d da_alt_close=\u201doff\u201d da_dark_close=\u201doff\u201d da_not_modal=\u201don\u201d da_is_singular=\u201doff\u201d da_with_loader=\u201doff\u201d da_has_shadow=\u201don\u201d][et_pb_row column_structure=\u201d1_2,1_2\u2033 _builder_version=\u201d4.9.4\u2033 _module_preset=\u201ddefault\u201d custom_margin=\u201d-5px|auto||auto||\u201d][et_pb_column type=\u201d1_2\u2033 _builder_version=\u201d4.9.4\u2033 _module_preset=\u201ddefault\u201d][et_pb_image src=\u201dhttps:\/\/www.colombianitos.org\/wp-content\/uploads\/2021\/04\/puntos.png\u201d title_text=\u201dpuntos\u201d _builder_version=\u201d4.9.4\u2033 _module_preset=\u201ddefault\u201d width=\u201d50%\u201d][\/et_pb_image][et_pb_text _builder_version=\u201d4.9.4\u2033 _module_preset=\u201ddefault\u201d header_font=\u201d|800|||||||\u201d header_text_color=\u201d#2b77c8\u2033 header_font_size=\u201d50px\u201d]<\/p>\n<h1>ALLIES<\/h1>\n<h1><\/h1>\n<p>[\/et_pb_text][\/et_pb_column][et_pb_column type=\u201d1_2\u2033 _builder_version=\u201d4.9.4\u2033 _module_preset=\u201ddefault\u201d][\/et_pb_column][\/et_pb_row][et_pb_row _builder_version=\u201d4.9.4\u2033 _module_preset=\u201ddefault\u201d custom_margin=\u201d|auto|45px|auto||\u201d custom_padding=\u201d3px||4px|||\u201d][et_pb_column type=\u201d4_4\u2033 _builder_version=\u201d4.9.4\u2033 _module_preset=\u201ddefault\u201d][dica_divi_carousel show_items_desktop=\u201d5\u2033 transition_duration=\u201d300\u2033 autoplay=\u201don\u201d item_spacing=\u201d36\u2033 advanced_effect=\u201d1\u2033 _builder_version=\u201d4.9.4\u2033 _module_preset=\u201ddefault\u201d custom_margin=\u201d3px||17px|||\u201d custom_margin_tablet=\u201d\u201d custom_margin_phone=\u201d-50px||0px||false|false\u201d custom_margin_last_edited=\u201don|phone\u201d][dica_divi_carouselitem admin_label=\u201dlauraus\u201d button_url_new_window=\u201d1\u2033 image=\u201dhttps:\/\/www.colombianitos.org\/wp-content\/uploads\/2021\/04\/laureus.png\u201d _builder_version=\u201d4.9.4\u2033 _module_preset=\u201ddefault\u201d][\/dica_divi_carouselitem][dica_divi_carouselitem admin_label=\u201dFifa\u201d button_url_new_window=\u201d1\u2033 image=\u201dhttps:\/\/www.colombianitos.org\/wp-content\/uploads\/2021\/04\/567x406_0000s_0027_fifa-1.jpg\u201d _builder_version=\u201d4.9.4\u2033 _module_preset=\u201ddefault\u201d][\/dica_divi_carouselitem][\/dica_divi_carousel][\/et_pb_column][\/et_pb_row][\/et_pb_section]<\/p>\n<\/body>","protected":false},"excerpt":{"rendered":"<p>CURR\u00cdCULO PEDAG\u00d3GICO: LiderazgoLiderazgo Somos Colombianitos cambiando el mundoLa vida social de los adolescentes y los j\u00f3venes en la escuela y en los barrios se activa mediante la formaci\u00f3n grupal que en muchos casos requieren de orientaci\u00f3n para reflexionar sobre su proyecto de vida y el rol que pueden jugar al interior de sus comunidades. Por [&hellip;]<\/p>","protected":false},"author":1,"featured_media":0,"parent":0,"menu_order":0,"comment_status":"closed","ping_status":"closed","template":"","meta":{"nf_dc_page":"","_et_pb_use_builder":"on","_et_pb_old_content":"","_et_gb_content_width":"","om_disable_all_campaigns":false,"_monsterinsights_skip_tracking":false,"_monsterinsights_sitenote_active":false,"_monsterinsights_sitenote_note":"","_monsterinsights_sitenote_category":0,"footnotes":""},"class_list":["post-480","page","type-page","status-publish","hentry"],"aioseo_notices":[],"jetpack_sharing_enabled":true,"_links":{"self":[{"href":"https:\/\/www.colombianitos.org\/en\/wp-json\/wp\/v2\/pages\/480","targetHints":{"allow":["GET"]}}],"collection":[{"href":"https:\/\/www.colombianitos.org\/en\/wp-json\/wp\/v2\/pages"}],"about":[{"href":"https:\/\/www.colombianitos.org\/en\/wp-json\/wp\/v2\/types\/page"}],"author":[{"embeddable":true,"href":"https:\/\/www.colombianitos.org\/en\/wp-json\/wp\/v2\/users\/1"}],"replies":[{"embeddable":true,"href":"https:\/\/www.colombianitos.org\/en\/wp-json\/wp\/v2\/comments?post=480"}],"version-history":[{"count":5,"href":"https:\/\/www.colombianitos.org\/en\/wp-json\/wp\/v2\/pages\/480\/revisions"}],"predecessor-version":[{"id":9611,"href":"https:\/\/www.colombianitos.org\/en\/wp-json\/wp\/v2\/pages\/480\/revisions\/9611"}],"wp:attachment":[{"href":"https:\/\/www.colombianitos.org\/en\/wp-json\/wp\/v2\/media?parent=480"}],"curies":[{"name":"wp","href":"https:\/\/api.w.org\/{rel}","templated":true}]}}