{"id":473,"date":"2021-04-30T06:10:58","date_gmt":"2021-04-30T06:10:58","guid":{"rendered":"http:\/\/box2392.temp.domains\/~colombt6\/?page_id=473"},"modified":"2024-04-12T17:28:40","modified_gmt":"2024-04-12T22:28:40","slug":"equidad-de-genero-2","status":"publish","type":"page","link":"https:\/\/www.colombianitos.org\/en\/equidad-de-genero-2\/","title":{"rendered":"Gender equity"},"content":{"rendered":"<body><p>[et_pb_section fb_built=\u201d1\u2033 custom_padding_last_edited=\u201don|phone\u201d admin_label=\u201dBanner Inicio\u201d _builder_version=\u201d4.16\u2033 _module_preset=\u201ddefault\u201d background_color=\u201drgba(0,0,0,0.48)\u201d background_image=\u201dhttps:\/\/www.colombianitos.org\/wp-content\/uploads\/2021\/05\/08112018-IMG_1718.jpg\u201d background_blend=\u201dmultiply\u201d background_enable_video_mp4=\u201doff\u201d custom_padding=\u201d||109px|||\u201d custom_padding_tablet=\u201d\u201d custom_padding_phone=\u201d||0px||false|false\u201d module_alignment_tablet=\u201d\u201d module_alignment_phone=\u201d\u201d module_alignment_last_edited=\u201don|phone\u201d da_disable_devices=\u201doff|off|off\u201d global_colors_info=\u201d{}\u201d da_is_popup=\u201doff\u201d da_exit_intent=\u201doff\u201d da_has_close=\u201don\u201d da_alt_close=\u201doff\u201d da_dark_close=\u201doff\u201d da_not_modal=\u201don\u201d da_is_singular=\u201doff\u201d da_with_loader=\u201doff\u201d da_has_shadow=\u201don\u201d][et_pb_row custom_padding_last_edited=\u201don|phone\u201d _builder_version=\u201d4.16\u2033 _module_preset=\u201ddefault\u201d min_height=\u201d358.2px\u201d custom_padding=\u201d103px|||||\u201d custom_padding_tablet=\u201d\u201d custom_padding_phone=\u201d0px||||false|false\u201d global_colors_info=\u201d{}\u201d][et_pb_column type=\u201d4_4\u2033 _builder_version=\u201d4.16\u2033 _module_preset=\u201ddefault\u201d global_colors_info=\u201d{}\u201d][et_pb_text admin_label=\u201dTexto Banner\u201d _builder_version=\u201d4.16\u2033 _module_preset=\u201ddefault\u201d text_font=\u201d||||||||\u201d text_text_color=\u201d#FFFFFF\u201d text_font_size=\u201d30px\u201d header_font=\u201d|800|||||||\u201d header_text_color=\u201d#FFFFFF\u201d header_font_size=\u201d50px\u201d header_line_height=\u201d1.3em\u201d custom_margin=\u201d28px|||||\u201d animation_style=\u201dfade\u201d animation_delay=\u201d150ms\u201d animation_speed_curve=\u201dlinear\u201d text_font_size_tablet=\u201d\u201d text_font_size_phone=\u201d25px\u201d text_font_size_last_edited=\u201don|phone\u201d header_font_size_tablet=\u201d\u201d header_font_size_phone=\u201d37px\u201d header_font_size_last_edited=\u201don|phone\u201d global_colors_info=\u201d{}\u201d]<\/p>\n<h1>PEDAGOGICAL CURRICULUM:<\/h1>\n<p>Gender equity<\/p>\n<p>[\/et_pb_text][et_pb_button button_url=\u201dhttps:\/\/www.colombianitos.org\/que-hacemos\/#curriculos\u201d button_text=\u201dVer Todos\u201d _builder_version=\u201d4.16\u2033 _module_preset=\u201ddefault\u201d background_layout=\u201ddark\u201d animation_style=\u201dfade\u201d global_colors_info=\u201d{}\u201d][\/et_pb_button][\/et_pb_column][\/et_pb_row][\/et_pb_section][et_pb_section fb_built=\u201d1\u2033 _builder_version=\u201d4.16\u2033 _module_preset=\u201ddefault\u201d background_image=\u201dhttps:\/\/www.colombianitos.org\/wp-content\/uploads\/2021\/04\/Fondo-dos-caritas-aarriba-07.png\u201d background_position=\u201dtop_right\u201d da_disable_devices=\u201doff|off|off\u201d global_colors_info=\u201d{}\u201d da_is_popup=\u201doff\u201d da_exit_intent=\u201doff\u201d da_has_close=\u201don\u201d da_alt_close=\u201doff\u201d da_dark_close=\u201doff\u201d da_not_modal=\u201don\u201d da_is_singular=\u201doff\u201d da_with_loader=\u201doff\u201d da_has_shadow=\u201don\u201d][et_pb_row column_structure=\u201d1_3,1_3,1_3\u2033 _builder_version=\u201d4.16\u2033 _module_preset=\u201ddefault\u201d global_colors_info=\u201d{}\u201d][et_pb_column type=\u201d1_3\u2033 _builder_version=\u201d4.16\u2033 _module_preset=\u201ddefault\u201d global_colors_info=\u201d{}\u201d][et_pb_image src=\u201dhttps:\/\/www.colombianitos.org\/wp-content\/uploads\/2021\/04\/EQUIDAD-DE-GENERO.png\u201d title_text=\u201dEQUIDAD-DE-G\u00c9NERO\u201d _builder_version=\u201d4.16\u2033 _module_preset=\u201ddefault\u201d width=\u201d80%\u201d global_colors_info=\u201d{}\u201d][\/et_pb_image][\/et_pb_column][et_pb_column type=\u201d1_3\u2033 _builder_version=\u201d4.16\u2033 _module_preset=\u201ddefault\u201d global_colors_info=\u201d{}\u201d][\/et_pb_column][et_pb_column type=\u201d1_3\u2033 _builder_version=\u201d4.16\u2033 _module_preset=\u201ddefault\u201d global_colors_info=\u201d{}\u201d][\/et_pb_column][\/et_pb_row][et_pb_row _builder_version=\u201d4.16\u2033 _module_preset=\u201ddefault\u201d global_colors_info=\u201d{}\u201d][et_pb_column type=\u201d4_4\u2033 _builder_version=\u201d4.16\u2033 _module_preset=\u201ddefault\u201d global_colors_info=\u201d{}\u201d][et_pb_text _builder_version=\u201d4.16\u2033 _module_preset=\u201ddefault\u201d text_font_size=\u201d22px\u201d header_font=\u201d|800|||||||\u201d header_font_size=\u201d43px\u201d custom_margin_tablet=\u201d\u201d custom_margin_phone=\u201d||||false|false\u201d custom_margin_last_edited=\u201don|phone\u201d global_colors_info=\u201d{}\u201d]<\/p>\n<h1>Gender equity<\/h1>\n<p>We play in the same field<\/p>\n<p>[\/et_pb_text][\/et_pb_column][\/et_pb_row][et_pb_row _builder_version=\u201d4.16\u2033 _module_preset=\u201ddefault\u201d global_colors_info=\u201d{}\u201d][et_pb_column type=\u201d4_4\u2033 _builder_version=\u201d4.16\u2033 _module_preset=\u201ddefault\u201d global_colors_info=\u201d{}\u201d][et_pb_text _builder_version=\u201d4.16\u2033 _module_preset=\u201ddefault\u201d text_font_size=\u201d18px\u201d text_line_height=\u201d1.8em\u201d global_colors_info=\u201d{}\u201d]<\/p>\n<p><span style=\"font-weight: 400;\">Our gender equity project \u201cJugamos en la Misma Cancha'' (We play in the same field) used the\npower of sports, particularly rugby with pedagogical intentions. as a bridge to social\ntransformation to promote gender equality through overcoming stereotypes, fomenting the\nrespect for human dignity and autonomy from ethics, and training in conflict resolution strategies based on empathy, cooperation, new masculinities, and respect for diversity.<\/span><\/p>\n<p>\u201cJugamos en la Misma Cancha\u201d (We play in the same field) is a program that has benefited\n2.896 people, which includes not only children and teenagers, but also families and all of the\neducational community so that learning goes beyond the classroom and the field, and is become principles of life with an impact on homes and the community.<strong>.<\/strong><\/p>\n<p>[\/et_pb_text][\/et_pb_column][\/et_pb_row][\/et_pb_section][et_pb_section fb_built=\u201d1\u2033 _builder_version=\u201d4.16\u2033 _module_preset=\u201ddefault\u201d custom_padding=\u201d0px||0px|||\u201d da_disable_devices=\u201doff|off|off\u201d global_colors_info=\u201d{}\u201d da_is_popup=\u201doff\u201d da_exit_intent=\u201doff\u201d da_has_close=\u201don\u201d da_alt_close=\u201doff\u201d da_dark_close=\u201doff\u201d da_not_modal=\u201don\u201d da_is_singular=\u201doff\u201d da_with_loader=\u201doff\u201d da_has_shadow=\u201don\u201d][et_pb_row use_custom_gutter=\u201don\u201d gutter_width=\u201d1\u2033 _builder_version=\u201d4.16\u2033 _module_preset=\u201ddefault\u201d max_width=\u201d100%\u201d custom_padding=\u201d2px||0px|||\u201d global_colors_info=\u201d{}\u201d][et_pb_column type=\u201d4_4\u2033 _builder_version=\u201d4.16\u2033 _module_preset=\u201ddefault\u201d global_colors_info=\u201d{}\u201d][dica_divi_carousel item_width_auto=\u201don\u201d item_width=\u201d100%\u201d multislide=\u201don\u201d autoplay=\u201don\u201d hoverpause=\u201don\u201d arrow_nav=\u201don\u201d equal_height=\u201don\u201d advanced_effect=\u201d1\u2033 arrow_alignment=\u201dcenter\u201d _builder_version=\u201d4.16\u2033 _module_preset=\u201ddefault\u201d custom_padding=\u201d||0px|||\u201d global_colors_info=\u201d{}\u201d][dica_divi_carouselitem button_url_new_window=\u201d1\u2033 image=\u201dhttps:\/\/www.colombianitos.org\/wp-content\/uploads\/2021\/06\/13052021-1.jpg\u201d _builder_version=\u201d4.16\u2033 _module_preset=\u201ddefault\u201d global_colors_info=\u201d{}\u201d][\/dica_divi_carouselitem][dica_divi_carouselitem button_url_new_window=\u201d1\u2033 image=\u201dhttps:\/\/www.colombianitos.org\/wp-content\/uploads\/2021\/06\/13052021-11.jpg\u201d _builder_version=\u201d4.16\u2033 _module_preset=\u201ddefault\u201d global_colors_info=\u201d{}\u201d][\/dica_divi_carouselitem][dica_divi_carouselitem button_url_new_window=\u201d1\u2033 image=\u201dhttps:\/\/www.colombianitos.org\/wp-content\/uploads\/2021\/06\/13052021-2.jpg\u201d _builder_version=\u201d4.16\u2033 _module_preset=\u201ddefault\u201d global_colors_info=\u201d{}\u201d][\/dica_divi_carouselitem][dica_divi_carouselitem button_url_new_window=\u201d1\u2033 image=\u201dhttps:\/\/www.colombianitos.org\/wp-content\/uploads\/2021\/06\/13052021-3.jpg\u201d _builder_version=\u201d4.16\u2033 _module_preset=\u201ddefault\u201d global_colors_info=\u201d{}\u201d][\/dica_divi_carouselitem][dica_divi_carouselitem button_url_new_window=\u201d1\u2033 image=\u201dhttps:\/\/www.colombianitos.org\/wp-content\/uploads\/2021\/06\/13052021-4.jpg\u201d _builder_version=\u201d4.16\u2033 _module_preset=\u201ddefault\u201d global_colors_info=\u201d{}\u201d][\/dica_divi_carouselitem][dica_divi_carouselitem button_url_new_window=\u201d1\u2033 image=\u201dhttps:\/\/www.colombianitos.org\/wp-content\/uploads\/2021\/06\/13052021-6.jpg\u201d _builder_version=\u201d4.16\u2033 _module_preset=\u201ddefault\u201d global_colors_info=\u201d{}\u201d][\/dica_divi_carouselitem][dica_divi_carouselitem button_url_new_window=\u201d1\u2033 image=\u201dhttps:\/\/www.colombianitos.org\/wp-content\/uploads\/2021\/06\/13052021-12.jpg\u201d _builder_version=\u201d4.16\u2033 _module_preset=\u201ddefault\u201d global_colors_info=\u201d{}\u201d][\/dica_divi_carouselitem][dica_divi_carouselitem button_url_new_window=\u201d1\u2033 image=\u201dhttps:\/\/www.colombianitos.org\/wp-content\/uploads\/2021\/06\/13052021-7.jpg\u201d _builder_version=\u201d4.16\u2033 _module_preset=\u201ddefault\u201d global_colors_info=\u201d{}\u201d][\/dica_divi_carouselitem][dica_divi_carouselitem button_url_new_window=\u201d1\u2033 image=\u201dhttps:\/\/www.colombianitos.org\/wp-content\/uploads\/2021\/06\/13052021-8.jpg\u201d _builder_version=\u201d4.16\u2033 _module_preset=\u201ddefault\u201d global_colors_info=\u201d{}\u201d][\/dica_divi_carouselitem][dica_divi_carouselitem button_url_new_window=\u201d1\u2033 image=\u201dhttps:\/\/www.colombianitos.org\/wp-content\/uploads\/2021\/06\/13052021-9.jpg\u201d _builder_version=\u201d4.16\u2033 _module_preset=\u201ddefault\u201d global_colors_info=\u201d{}\u201d][\/dica_divi_carouselitem][dica_divi_carouselitem button_url_new_window=\u201d1\u2033 image=\u201dhttps:\/\/www.colombianitos.org\/wp-content\/uploads\/2021\/06\/13052021-10.jpg\u201d _builder_version=\u201d4.16\u2033 _module_preset=\u201ddefault\u201d global_colors_info=\u201d{}\u201d][\/dica_divi_carouselitem][\/dica_divi_carousel][\/et_pb_column][\/et_pb_row][\/et_pb_section][et_pb_section fb_built=\u201d1\u2033 _builder_version=\u201d4.16\u2033 _module_preset=\u201ddefault\u201d background_image=\u201dhttp:\/\/box2392.temp.domains\/~colombt6\/wp-content\/uploads\/2021\/04\/Fondo-una-carita-arriba-2-06.png\u201d background_position=\u201dtop_right\u201d custom_margin=\u201d-10px|||||\u201d custom_padding=\u201d41px||6px|||\u201d da_disable_devices=\u201doff|off|off\u201d global_colors_info=\u201d{}\u201d da_is_popup=\u201doff\u201d da_exit_intent=\u201doff\u201d da_has_close=\u201don\u201d da_alt_close=\u201doff\u201d da_dark_close=\u201doff\u201d da_not_modal=\u201don\u201d da_is_singular=\u201doff\u201d da_with_loader=\u201doff\u201d da_has_shadow=\u201don\u201d][et_pb_row column_structure=\u201d1_2,1_2\u2033 _builder_version=\u201d4.16\u2033 _module_preset=\u201ddefault\u201d custom_margin=\u201d-5px|auto||auto||\u201d global_colors_info=\u201d{}\u201d][et_pb_column type=\u201d1_2\u2033 _builder_version=\u201d4.16\u2033 _module_preset=\u201ddefault\u201d global_colors_info=\u201d{}\u201d][et_pb_image src=\u201dhttps:\/\/www.colombianitos.org\/wp-content\/uploads\/2021\/04\/puntos.png\u201d title_text=\u201dpuntos\u201d _builder_version=\u201d4.16\u2033 _module_preset=\u201ddefault\u201d width=\u201d50%\u201d global_colors_info=\u201d{}\u201d][\/et_pb_image][et_pb_text _builder_version=\u201d4.16\u2033 _module_preset=\u201ddefault\u201d header_font=\u201d|800|||||||\u201d header_text_color=\u201d#2b77c8\u2033 header_font_size=\u201d50px\u201d global_colors_info=\u201d{}\u201d]<\/p>\n<h1>ALLIES<\/h1>\n<h1><\/h1>\n<p>[\/et_pb_text][\/et_pb_column][et_pb_column type=\u201d1_2\u2033 _builder_version=\u201d4.16\u2033 _module_preset=\u201ddefault\u201d global_colors_info=\u201d{}\u201d][\/et_pb_column][\/et_pb_row][et_pb_row _builder_version=\u201d4.16\u2033 _module_preset=\u201ddefault\u201d custom_margin=\u201d|auto|45px|auto||\u201d custom_padding=\u201d3px||4px|||\u201d global_colors_info=\u201d{}\u201d][et_pb_column type=\u201d4_4\u2033 _builder_version=\u201d4.16\u2033 _module_preset=\u201ddefault\u201d global_colors_info=\u201d{}\u201d][dica_divi_carousel show_items_desktop=\u201d5\u2033 transition_duration=\u201d300\u2033 autoplay=\u201don\u201d item_spacing=\u201d36\u2033 advanced_effect=\u201d1\u2033 _builder_version=\u201d4.20.4\u2033 _module_preset=\u201ddefault\u201d custom_margin=\u201d3px||17px|||\u201d custom_margin_tablet=\u201d\u201d custom_margin_phone=\u201d-50px||0px||false|false\u201d custom_margin_last_edited=\u201don|phone\u201d hover_enabled=\u201d0\u2033 global_colors_info=\u201d{}\u201d sticky_enabled=\u201d0\u2033][dica_divi_carouselitem admin_label=\u201dKimberly\u201d button_url_new_window=\u201d1\u2033 image=\u201dhttps:\/\/www.colombianitos.org\/wp-content\/uploads\/2021\/04\/kimberly.jpg\u201d _builder_version=\u201d4.16\u2033 _module_preset=\u201ddefault\u201d global_colors_info=\u201d{}\u201d][\/dica_divi_carouselitem][dica_divi_carouselitem admin_label=\u201dlauraus\u201d button_url_new_window=\u201d1\u2033 image=\u201dhttps:\/\/www.colombianitos.org\/wp-content\/uploads\/2021\/04\/laureus.png\u201d _builder_version=\u201d4.16\u2033 _module_preset=\u201ddefault\u201d global_colors_info=\u201d{}\u201d][\/dica_divi_carouselitem][dica_divi_carouselitem button_url_new_window=\u201d1\u2033 image=\u201dhttps:\/\/www.colombianitos.org\/wp-content\/uploads\/2021\/06\/Logo-d.png\u201d _builder_version=\u201d4.16\u2033 _module_preset=\u201ddefault\u201d global_colors_info=\u201d{}\u201d][\/dica_divi_carouselitem][dica_divi_carouselitem admin_label=\u201dBol\u00edvar Davivienda\u201d button_url_new_window=\u201d1\u2033 image=\u201dhttps:\/\/www.colombianitos.org\/wp-content\/uploads\/2021\/04\/567x406_0000s_0037_fundacion-bolivar-davivienda.jpg\u201d _builder_version=\u201d4.20.4\u2033 _module_preset=\u201ddefault\u201d global_colors_info=\u201d{}\u201d][\/dica_divi_carouselitem][dica_divi_carouselitem admin_label=\u201dAustralian Aid\u201d button_url_new_window=\u201d1\u2033 image=\u201dhttps:\/\/www.colombianitos.org\/wp-content\/uploads\/2024\/02\/Australia-AID-e1707425785961.png\u201d _builder_version=\u201d4.20.4\u2033 _module_preset=\u201ddefault\u201d global_colors_info=\u201d{}\u201d][\/dica_divi_carouselitem][dica_divi_carouselitem admin_label=\u201dEmbajada de Australia\u201d button_url_new_window=\u201d1\u2033 image=\u201dhttps:\/\/www.colombianitos.org\/wp-content\/uploads\/2024\/02\/Embajada-de-australia-e1707425023720.png\u201d _builder_version=\u201d4.20.4\u2033 _module_preset=\u201ddefault\u201d global_colors_info=\u201d{}\u201d][\/dica_divi_carouselitem][dica_divi_carouselitem _builder_version=\u201d4.20.4\u2033 _module_preset=\u201ddefault\u201d admin_label=\u201dFIFA Foundation\u201d title_text=\u201dFifa foundation\u201d image=\u201dhttps:\/\/www.colombianitos.org\/wp-content\/uploads\/2024\/02\/Fifa-foundation-e1707424998460.png\u201d hover_enabled=\u201d0\u2033 sticky_enabled=\u201d0\u2033][\/dica_divi_carouselitem][\/dica_divi_carousel][\/et_pb_column][\/et_pb_row][\/et_pb_section]<\/p>\n<\/body>","protected":false},"excerpt":{"rendered":"<p>CURR\u00cdCULO PEDAG\u00d3GICO: Equidad de g\u00e9neroEquidad de g\u00e9nero Jugamos en la misma canchaNuestro proyecto de equidad de g\u00e9nero \u201cJugamos en la Misma Cancha\u201d usa el poder del deporte, particularmente el rugby con intencionalidad pedag\u00f3gica, como puente de transformaci\u00f3n social para promover la equidad de g\u00e9nero a trav\u00e9s de la superaci\u00f3n de estereotipos, del fomento del respeto [&hellip;]<\/p>","protected":false},"author":1,"featured_media":0,"parent":0,"menu_order":0,"comment_status":"closed","ping_status":"closed","template":"","meta":{"nf_dc_page":"","_et_pb_use_builder":"on","_et_pb_old_content":"","_et_gb_content_width":"","om_disable_all_campaigns":false,"_monsterinsights_skip_tracking":false,"_monsterinsights_sitenote_active":false,"_monsterinsights_sitenote_note":"","_monsterinsights_sitenote_category":0,"footnotes":""},"class_list":["post-473","page","type-page","status-publish","hentry"],"aioseo_notices":[],"jetpack_sharing_enabled":true,"_links":{"self":[{"href":"https:\/\/www.colombianitos.org\/en\/wp-json\/wp\/v2\/pages\/473","targetHints":{"allow":["GET"]}}],"collection":[{"href":"https:\/\/www.colombianitos.org\/en\/wp-json\/wp\/v2\/pages"}],"about":[{"href":"https:\/\/www.colombianitos.org\/en\/wp-json\/wp\/v2\/types\/page"}],"author":[{"embeddable":true,"href":"https:\/\/www.colombianitos.org\/en\/wp-json\/wp\/v2\/users\/1"}],"replies":[{"embeddable":true,"href":"https:\/\/www.colombianitos.org\/en\/wp-json\/wp\/v2\/comments?post=473"}],"version-history":[{"count":5,"href":"https:\/\/www.colombianitos.org\/en\/wp-json\/wp\/v2\/pages\/473\/revisions"}],"predecessor-version":[{"id":13410,"href":"https:\/\/www.colombianitos.org\/en\/wp-json\/wp\/v2\/pages\/473\/revisions\/13410"}],"wp:attachment":[{"href":"https:\/\/www.colombianitos.org\/en\/wp-json\/wp\/v2\/media?parent=473"}],"curies":[{"name":"wp","href":"https:\/\/api.w.org\/{rel}","templated":true}]}}