{"id":466,"date":"2021-04-30T06:03:47","date_gmt":"2021-04-30T06:03:47","guid":{"rendered":"http:\/\/box2392.temp.domains\/~colombt6\/?page_id=466"},"modified":"2024-04-12T12:45:38","modified_gmt":"2024-04-12T17:45:38","slug":"prevencion-del-consumo","status":"publish","type":"page","link":"https:\/\/www.colombianitos.org\/en\/prevencion-del-consumo\/","title":{"rendered":"Prevenci\u00f3n del consumo"},"content":{"rendered":"<body><p>[et_pb_section fb_built=\u201d1\u2033 custom_padding_last_edited=\u201don|phone\u201d admin_label=\u201dBanner Inicio\u201d _builder_version=\u201d4.16\u2033 _module_preset=\u201ddefault\u201d background_color=\u201drgba(0,0,0,0.48)\u201d background_image=\u201dhttps:\/\/www.colombianitos.org\/wp-content\/uploads\/2021\/05\/12062019-DSC_2024.jpg\u201d background_blend=\u201dmultiply\u201d background_enable_video_mp4=\u201doff\u201d min_height=\u201d509.6px\u201d min_height_tablet=\u201d\u201d min_height_phone=\u201d\u201d min_height_last_edited=\u201don|phone\u201d custom_padding=\u201d||109px|||\u201d custom_padding_tablet=\u201d\u201d custom_padding_phone=\u201d||0px||false|false\u201d da_disable_devices=\u201doff|off|off\u201d global_colors_info=\u201d{}\u201d da_is_popup=\u201doff\u201d da_exit_intent=\u201doff\u201d da_has_close=\u201don\u201d da_alt_close=\u201doff\u201d da_dark_close=\u201doff\u201d da_not_modal=\u201don\u201d da_is_singular=\u201doff\u201d da_with_loader=\u201doff\u201d da_has_shadow=\u201don\u201d][et_pb_row custom_padding_last_edited=\u201don|phone\u201d _builder_version=\u201d4.16\u2033 _module_preset=\u201ddefault\u201d min_height=\u201d358.2px\u201d custom_padding=\u201d103px|||||\u201d custom_padding_tablet=\u201d\u201d custom_padding_phone=\u201d0px||||false|false\u201d global_colors_info=\u201d{}\u201d][et_pb_column type=\u201d4_4\u2033 _builder_version=\u201d4.16\u2033 _module_preset=\u201ddefault\u201d global_colors_info=\u201d{}\u201d][et_pb_text admin_label=\u201dTexto Banner\u201d _builder_version=\u201d4.16\u2033 _module_preset=\u201ddefault\u201d text_font=\u201d||||||||\u201d text_text_color=\u201d#FFFFFF\u201d text_font_size=\u201d27px\u201d header_font=\u201d|800|||||||\u201d header_text_color=\u201d#FFFFFF\u201d header_font_size=\u201d50px\u201d header_line_height=\u201d1.3em\u201d custom_margin=\u201d28px|||||\u201d animation_style=\u201dfade\u201d animation_delay=\u201d150ms\u201d animation_speed_curve=\u201dlinear\u201d text_font_size_tablet=\u201d\u201d text_font_size_phone=\u201d20px\u201d text_font_size_last_edited=\u201don|phone\u201d header_font_size_tablet=\u201d\u201d header_font_size_phone=\u201d39px\u201d header_font_size_last_edited=\u201don|phone\u201d global_colors_info=\u201d{}\u201d]<\/p>\n<h1>PEDAGOGICAL CURRICULUM:<\/h1>\n<p>Prevention for the early alcohol consumption Curriculum<\/p>\n<p>[\/et_pb_text][et_pb_button button_url=\u201dhttps:\/\/www.colombianitos.org\/que-hacemos\/#curriculos\u201d button_text=\u201dVer Todos\u201d _builder_version=\u201d4.16\u2033 _module_preset=\u201ddefault\u201d background_layout=\u201ddark\u201d animation_style=\u201dfade\u201d global_colors_info=\u201d{}\u201d][\/et_pb_button][\/et_pb_column][\/et_pb_row][\/et_pb_section][et_pb_section fb_built=\u201d1\u2033 _builder_version=\u201d4.16\u2033 _module_preset=\u201ddefault\u201d background_image=\u201dhttps:\/\/www.colombianitos.org\/wp-content\/uploads\/2021\/04\/Fondo-dos-caritas-aarriba-07.png\u201d background_position=\u201dtop_right\u201d da_disable_devices=\u201doff|off|off\u201d global_colors_info=\u201d{}\u201d da_is_popup=\u201doff\u201d da_exit_intent=\u201doff\u201d da_has_close=\u201don\u201d da_alt_close=\u201doff\u201d da_dark_close=\u201doff\u201d da_not_modal=\u201don\u201d da_is_singular=\u201doff\u201d da_with_loader=\u201doff\u201d da_has_shadow=\u201don\u201d][et_pb_row column_structure=\u201d1_3,1_3,1_3\u2033 _builder_version=\u201d4.16\u2033 _module_preset=\u201ddefault\u201d global_colors_info=\u201d{}\u201d][et_pb_column type=\u201d1_3\u2033 _builder_version=\u201d4.16\u2033 _module_preset=\u201ddefault\u201d global_colors_info=\u201d{}\u201d][et_pb_image src=\u201dhttps:\/\/www.colombianitos.org\/wp-content\/uploads\/2021\/04\/PREVENCION-CONSUMO.png\u201d title_text=\u201dPREVENCI\u00d3N-CONSUMO\u201d _builder_version=\u201d4.16\u2033 _module_preset=\u201ddefault\u201d width=\u201d80%\u201d global_colors_info=\u201d{}\u201d][\/et_pb_image][\/et_pb_column][et_pb_column type=\u201d1_3\u2033 _builder_version=\u201d4.16\u2033 _module_preset=\u201ddefault\u201d global_colors_info=\u201d{}\u201d][\/et_pb_column][et_pb_column type=\u201d1_3\u2033 _builder_version=\u201d4.16\u2033 _module_preset=\u201ddefault\u201d global_colors_info=\u201d{}\u201d][\/et_pb_column][\/et_pb_row][et_pb_row _builder_version=\u201d4.16\u2033 _module_preset=\u201ddefault\u201d global_colors_info=\u201d{}\u201d][et_pb_column type=\u201d4_4\u2033 _builder_version=\u201d4.16\u2033 _module_preset=\u201ddefault\u201d global_colors_info=\u201d{}\u201d][et_pb_text _builder_version=\u201d4.16\u2033 _module_preset=\u201ddefault\u201d text_font_size=\u201d22px\u201d header_font=\u201d|800|||||||\u201d header_font_size=\u201d43px\u201d custom_margin_tablet=\u201d\u201d custom_margin_phone=\u201d||||false|false\u201d custom_margin_last_edited=\u201don|phone\u201d global_colors_info=\u201d{}\u201d]<\/p>\n<h1>Prevention for the early alcohol consumption Curriculum<\/h1>\n<p>[\/et_pb_text][\/et_pb_column][\/et_pb_row][et_pb_row _builder_version=\u201d4.16\u2033 _module_preset=\u201ddefault\u201d global_colors_info=\u201d{}\u201d][et_pb_column type=\u201d4_4\u2033 _builder_version=\u201d4.16\u2033 _module_preset=\u201ddefault\u201d global_colors_info=\u201d{}\u201d][et_pb_text _builder_version=\u201d4.16\u2033 _module_preset=\u201ddefault\u201d text_font_size=\u201d18px\u201d text_line_height=\u201d1.8em\u201d global_colors_info=\u201d{}\u201d]<\/p>\n<p><span style=\"font-weight: 400;\">This curriculum is based on the use of sports and recreational strategies to contribute to the early prevention of alcohol consumption. This was developed with the Corporaci\u00f3n Nuevos Rumbos.<\/span><\/p>\n<p><span style=\"font-weight: 400;\">The activities carried out in this area seek to increase the perception of the risks of alcohol\nconsumption and therefore operate as a preventive program against its consumption and other psychoactive substances. The sports activities focus on the development of self-care skills, assertiveness, decision-making, management, and problem-solving.<\/span><\/p>\n<p><span style=\"font-weight: 400;\">The curriculum was evaluated by the CSF in 2019 and its main results prove that it leads to  teenagers reducing the frequency of consumption, increasing the perception of risk, delaying the consumption starting age, and generating responsible patterns in adulthood.<\/span><\/p>\n<p>With this curriculum, we have benefited 19.481 children and young adults.<\/p>\n<p>[\/et_pb_text][\/et_pb_column][\/et_pb_row][\/et_pb_section][et_pb_section fb_built=\u201d1\u2033 _builder_version=\u201d4.16\u2033 _module_preset=\u201ddefault\u201d custom_padding=\u201d0px||0px|||\u201d da_disable_devices=\u201doff|off|off\u201d global_colors_info=\u201d{}\u201d da_is_popup=\u201doff\u201d da_exit_intent=\u201doff\u201d da_has_close=\u201don\u201d da_alt_close=\u201doff\u201d da_dark_close=\u201doff\u201d da_not_modal=\u201don\u201d da_is_singular=\u201doff\u201d da_with_loader=\u201doff\u201d da_has_shadow=\u201don\u201d][et_pb_row use_custom_gutter=\u201don\u201d gutter_width=\u201d1\u2033 _builder_version=\u201d4.16\u2033 _module_preset=\u201ddefault\u201d max_width=\u201d100%\u201d custom_padding=\u201d2px||0px|||\u201d global_colors_info=\u201d{}\u201d][et_pb_column type=\u201d4_4\u2033 _builder_version=\u201d4.16\u2033 _module_preset=\u201ddefault\u201d global_colors_info=\u201d{}\u201d][dica_divi_carousel item_width_auto=\u201don\u201d item_width=\u201d100%\u201d multislide=\u201don\u201d autoplay=\u201don\u201d hoverpause=\u201don\u201d arrow_nav=\u201don\u201d equal_height=\u201don\u201d advanced_effect=\u201d1\u2033 arrow_alignment=\u201dcenter\u201d _builder_version=\u201d4.16\u2033 _module_preset=\u201ddefault\u201d custom_padding=\u201d||0px|||\u201d global_colors_info=\u201d{}\u201d][dica_divi_carouselitem button_url_new_window=\u201d1\u2033 image=\u201dhttps:\/\/www.colombianitos.org\/wp-content\/uploads\/2021\/06\/13052021-2-2.jpg\u201d _builder_version=\u201d4.16\u2033 _module_preset=\u201ddefault\u201d global_colors_info=\u201d{}\u201d][\/dica_divi_carouselitem][dica_divi_carouselitem button_url_new_window=\u201d1\u2033 image=\u201dhttps:\/\/www.colombianitos.org\/wp-content\/uploads\/2021\/06\/13052021-3-2.jpg\u201d _builder_version=\u201d4.16\u2033 _module_preset=\u201ddefault\u201d global_colors_info=\u201d{}\u201d][\/dica_divi_carouselitem][dica_divi_carouselitem button_url_new_window=\u201d1\u2033 image=\u201dhttps:\/\/www.colombianitos.org\/wp-content\/uploads\/2021\/06\/13052021-4-2.jpg\u201d _builder_version=\u201d4.16\u2033 _module_preset=\u201ddefault\u201d global_colors_info=\u201d{}\u201d][\/dica_divi_carouselitem][dica_divi_carouselitem button_url_new_window=\u201d1\u2033 image=\u201dhttps:\/\/www.colombianitos.org\/wp-content\/uploads\/2021\/06\/13052021-6-2.jpg\u201d _builder_version=\u201d4.16\u2033 _module_preset=\u201ddefault\u201d global_colors_info=\u201d{}\u201d][\/dica_divi_carouselitem][dica_divi_carouselitem button_url_new_window=\u201d1\u2033 image=\u201dhttps:\/\/www.colombianitos.org\/wp-content\/uploads\/2021\/06\/13052021-5-2.jpg\u201d _builder_version=\u201d4.16\u2033 _module_preset=\u201ddefault\u201d global_colors_info=\u201d{}\u201d][\/dica_divi_carouselitem][dica_divi_carouselitem button_url_new_window=\u201d1\u2033 image=\u201dhttps:\/\/www.colombianitos.org\/wp-content\/uploads\/2021\/06\/13052021-7-2.jpg\u201d _builder_version=\u201d4.16\u2033 _module_preset=\u201ddefault\u201d global_colors_info=\u201d{}\u201d][\/dica_divi_carouselitem][\/dica_divi_carousel][\/et_pb_column][\/et_pb_row][\/et_pb_section][et_pb_section fb_built=\u201d1\u2033 _builder_version=\u201d4.16\u2033 _module_preset=\u201ddefault\u201d background_image=\u201dhttp:\/\/box2392.temp.domains\/~colombt6\/wp-content\/uploads\/2021\/04\/Fondo-una-carita-arriba-2-06.png\u201d background_position=\u201dtop_right\u201d custom_margin=\u201d-10px|||||\u201d custom_padding=\u201d41px||6px|||\u201d da_disable_devices=\u201doff|off|off\u201d global_colors_info=\u201d{}\u201d da_is_popup=\u201doff\u201d da_exit_intent=\u201doff\u201d da_has_close=\u201don\u201d da_alt_close=\u201doff\u201d da_dark_close=\u201doff\u201d da_not_modal=\u201don\u201d da_is_singular=\u201doff\u201d da_with_loader=\u201doff\u201d da_has_shadow=\u201don\u201d][et_pb_row column_structure=\u201d1_2,1_2\u2033 _builder_version=\u201d4.16\u2033 _module_preset=\u201ddefault\u201d custom_margin=\u201d-5px|auto||auto||\u201d global_colors_info=\u201d{}\u201d][et_pb_column type=\u201d1_2\u2033 _builder_version=\u201d4.16\u2033 _module_preset=\u201ddefault\u201d global_colors_info=\u201d{}\u201d][et_pb_image src=\u201dhttps:\/\/www.colombianitos.org\/wp-content\/uploads\/2021\/04\/puntos.png\u201d title_text=\u201dpuntos\u201d _builder_version=\u201d4.16\u2033 _module_preset=\u201ddefault\u201d width=\u201d50%\u201d global_colors_info=\u201d{}\u201d][\/et_pb_image][et_pb_text _builder_version=\u201d4.16\u2033 _module_preset=\u201ddefault\u201d header_font=\u201d|800|||||||\u201d header_text_color=\u201d#2b77c8\u2033 header_font_size=\u201d50px\u201d global_colors_info=\u201d{}\u201d]<\/p>\n<h1>ALLIES<\/h1>\n<h1><\/h1>\n<p>[\/et_pb_text][\/et_pb_column][et_pb_column type=\u201d1_2\u2033 _builder_version=\u201d4.16\u2033 _module_preset=\u201ddefault\u201d global_colors_info=\u201d{}\u201d][\/et_pb_column][\/et_pb_row][et_pb_row _builder_version=\u201d4.16\u2033 _module_preset=\u201ddefault\u201d custom_margin=\u201d|auto|45px|auto||\u201d custom_padding=\u201d3px||4px|||\u201d global_colors_info=\u201d{}\u201d][et_pb_column type=\u201d4_4\u2033 _builder_version=\u201d4.16\u2033 _module_preset=\u201ddefault\u201d global_colors_info=\u201d{}\u201d][dica_divi_carousel show_items_desktop=\u201d5\u2033 transition_duration=\u201d300\u2033 autoplay=\u201don\u201d item_spacing=\u201d36\u2033 advanced_effect=\u201d1\u2033 _builder_version=\u201d4.20.4\u2033 _module_preset=\u201ddefault\u201d custom_margin=\u201d3px||17px|||\u201d custom_margin_tablet=\u201d\u201d custom_margin_phone=\u201d50px||0px||false|false\u201d custom_margin_last_edited=\u201don|phone\u201d hover_enabled=\u201d0\u2033 global_colors_info=\u201d{}\u201d sticky_enabled=\u201d0\u2033][dica_divi_carouselitem admin_label=\u201dCAF\u201d button_url_new_window=\u201d1\u2033 image=\u201dhttps:\/\/www.colombianitos.org\/wp-content\/uploads\/2021\/04\/caf.jpg\u201d _builder_version=\u201d4.16\u2033 _module_preset=\u201ddefault\u201d global_colors_info=\u201d{}\u201d][\/dica_divi_carouselitem][dica_divi_carouselitem admin_label=\u201dandes\u201d button_url_new_window=\u201d1\u2033 image=\u201dhttps:\/\/www.colombianitos.org\/wp-content\/uploads\/2021\/04\/567x406_0000s_0048_logo-uniandes.jpg\u201d _builder_version=\u201d4.16\u2033 _module_preset=\u201ddefault\u201d global_colors_info=\u201d{}\u201d][\/dica_divi_carouselitem][dica_divi_carouselitem admin_label=\u201dNuevos Rumbos\u201d button_url_new_window=\u201d1\u2033 image=\u201dhttps:\/\/www.colombianitos.org\/wp-content\/uploads\/2021\/04\/567x406_0000s_0026_nuevos-rumbos.jpg\u201d _builder_version=\u201d4.16\u2033 _module_preset=\u201ddefault\u201d global_colors_info=\u201d{}\u201d][\/dica_divi_carouselitem][dica_divi_carouselitem admin_label=\u201dbavaria\u201d button_url_new_window=\u201d1\u2033 image=\u201dhttps:\/\/www.colombianitos.org\/wp-content\/uploads\/2021\/04\/567x406_0000s_0036_babaria.jpg\u201d _builder_version=\u201d4.16\u2033 _module_preset=\u201ddefault\u201d global_colors_info=\u201d{}\u201d][\/dica_divi_carouselitem][dica_divi_carouselitem admin_label=\u201dBogota\u201d button_url_new_window=\u201d1\u2033 image=\u201dhttps:\/\/www.colombianitos.org\/wp-content\/uploads\/2021\/04\/567x406_0000s_0046_logo-sed.jpg\u201d _builder_version=\u201d4.16\u2033 _module_preset=\u201ddefault\u201d global_colors_info=\u201d{}\u201d][\/dica_divi_carouselitem][dica_divi_carouselitem _builder_version=\u201d4.20.4\u2033 _module_preset=\u201ddefault\u201d admin_label=\u201dPuerto Bah\u00eda\u201d title_text=\u201dFundacion Puerto Bahia\u201d image=\u201dhttps:\/\/www.colombianitos.org\/wp-content\/uploads\/2024\/04\/Fundacion-Puerto-Bahia-e1712942324812.png\u201d hover_enabled=\u201d0\u2033 sticky_enabled=\u201d0\u2033][\/dica_divi_carouselitem][dica_divi_carouselitem _builder_version=\u201d4.20.4\u2033 _module_preset=\u201ddefault\u201d admin_label=\u201dSomos Bar\u00fa\u201d title_text=\u201dSomos Baru\u201d image=\u201dhttps:\/\/www.colombianitos.org\/wp-content\/uploads\/2024\/04\/Somos-Baru-e1712942383678.png\u201d hover_enabled=\u201d0\u2033 sticky_enabled=\u201d0\u2033][\/dica_divi_carouselitem][dica_divi_carouselitem _builder_version=\u201d4.20.4\u2033 _module_preset=\u201ddefault\u201d admin_label=\u201dFundaci\u00f3n Santo Domingo\u201d title_text=\u201dFundacion Santo Domingo\u201d image=\u201dhttps:\/\/www.colombianitos.org\/wp-content\/uploads\/2024\/04\/Fundacion-Santo-Domingo-e1712940616277.png\u201d hover_enabled=\u201d0\u2033 sticky_enabled=\u201d0\u2033][\/dica_divi_carouselitem][dica_divi_carouselitem _builder_version=\u201d4.20.4\u2033 _module_preset=\u201ddefault\u201d admin_label=\u201dFundaci\u00f3n Hern\u00e1n Echavarr\u00eda\u201d title_text=\u201dfundacion Hernan Echeverry\u201d image=\u201dhttps:\/\/www.colombianitos.org\/wp-content\/uploads\/2024\/04\/fundacion-Hernan-Echeverry-e1712941768693.png\u201d hover_enabled=\u201d0\u2033 sticky_enabled=\u201d0\u2033][\/dica_divi_carouselitem][dica_divi_carouselitem _builder_version=\u201d4.20.4\u2033 _module_preset=\u201ddefault\u201d admin_label=\u201dGrupo Argos\u201d title_text=\u201dArgos\u201d image=\u201dhttps:\/\/www.colombianitos.org\/wp-content\/uploads\/2024\/02\/Argos-2-e1707504396621.png\u201d hover_enabled=\u201d0\u2033 sticky_enabled=\u201d0\u2033][\/dica_divi_carouselitem][\/dica_divi_carousel][\/et_pb_column][\/et_pb_row][\/et_pb_section]<\/p>\n<\/body>","protected":false},"excerpt":{"rendered":"<p>CURR\u00cdCULO PEDAG\u00d3GICO: Prevenci\u00f3n del consumo temprano de alcohol en menores de edadPrevenci\u00f3n del consumo temprano de alcohol en menores de edadEste curr\u00edculo se basa en el uso de estrategias deportivas y l\u00fadicas para contribuir a la prevenci\u00f3n temprana del consumo de alcohol y fue desarrollado con la Corporaci\u00f3n Nuevos Rumbos. Las actividades que se desarrollan [&hellip;]<\/p>","protected":false},"author":1,"featured_media":8678,"parent":0,"menu_order":0,"comment_status":"closed","ping_status":"closed","template":"","meta":{"nf_dc_page":"","_et_pb_use_builder":"on","_et_pb_old_content":"","_et_gb_content_width":"","om_disable_all_campaigns":false,"_monsterinsights_skip_tracking":false,"_monsterinsights_sitenote_active":false,"_monsterinsights_sitenote_note":"","_monsterinsights_sitenote_category":0,"footnotes":""},"class_list":["post-466","page","type-page","status-publish","has-post-thumbnail","hentry"],"aioseo_notices":[],"jetpack_sharing_enabled":true,"_links":{"self":[{"href":"https:\/\/www.colombianitos.org\/en\/wp-json\/wp\/v2\/pages\/466","targetHints":{"allow":["GET"]}}],"collection":[{"href":"https:\/\/www.colombianitos.org\/en\/wp-json\/wp\/v2\/pages"}],"about":[{"href":"https:\/\/www.colombianitos.org\/en\/wp-json\/wp\/v2\/types\/page"}],"author":[{"embeddable":true,"href":"https:\/\/www.colombianitos.org\/en\/wp-json\/wp\/v2\/users\/1"}],"replies":[{"embeddable":true,"href":"https:\/\/www.colombianitos.org\/en\/wp-json\/wp\/v2\/comments?post=466"}],"version-history":[{"count":4,"href":"https:\/\/www.colombianitos.org\/en\/wp-json\/wp\/v2\/pages\/466\/revisions"}],"predecessor-version":[{"id":13406,"href":"https:\/\/www.colombianitos.org\/en\/wp-json\/wp\/v2\/pages\/466\/revisions\/13406"}],"wp:featuredmedia":[{"embeddable":true,"href":"https:\/\/www.colombianitos.org\/en\/wp-json\/wp\/v2\/media\/8678"}],"wp:attachment":[{"href":"https:\/\/www.colombianitos.org\/en\/wp-json\/wp\/v2\/media?parent=466"}],"curies":[{"name":"wp","href":"https:\/\/api.w.org\/{rel}","templated":true}]}}