{"id":440,"date":"2021-04-30T05:10:09","date_gmt":"2021-04-30T05:10:09","guid":{"rendered":"http:\/\/box2392.temp.domains\/~colombt6\/?page_id=440"},"modified":"2024-04-12T12:38:57","modified_gmt":"2024-04-12T17:38:57","slug":"convivencia-y-paz-2","status":"publish","type":"page","link":"https:\/\/www.colombianitos.org\/en\/convivencia-y-paz-2\/","title":{"rendered":"Coexistence and Peace"},"content":{"rendered":"<body><p>[et_pb_section fb_built=\u201d1\u2033 custom_padding_last_edited=\u201don|phone\u201d admin_label=\u201dBanner Inicio\u201d _builder_version=\u201d4.16\u2033 _module_preset=\u201ddefault\u201d background_color=\u201drgba(0,0,0,0.48)\u201d background_image=\u201dhttps:\/\/www.colombianitos.org\/wp-content\/uploads\/2021\/05\/04022021-_MG_4820.jpg\u201d background_blend=\u201dmultiply\u201d background_enable_video_mp4=\u201doff\u201d min_height=\u201d509.6px\u201d min_height_tablet=\u201d\u201d min_height_phone=\u201d\u201d min_height_last_edited=\u201don|phone\u201d custom_padding=\u201d||109px|||\u201d custom_padding_tablet=\u201d\u201d custom_padding_phone=\u201d||10px||false|false\u201d da_disable_devices=\u201doff|off|off\u201d global_colors_info=\u201d{}\u201d da_is_popup=\u201doff\u201d da_exit_intent=\u201doff\u201d da_has_close=\u201don\u201d da_alt_close=\u201doff\u201d da_dark_close=\u201doff\u201d da_not_modal=\u201don\u201d da_is_singular=\u201doff\u201d da_with_loader=\u201doff\u201d da_has_shadow=\u201don\u201d][et_pb_row custom_padding_last_edited=\u201don|phone\u201d _builder_version=\u201d4.16\u2033 _module_preset=\u201ddefault\u201d min_height=\u201d358.2px\u201d custom_padding=\u201d103px|||||\u201d custom_padding_tablet=\u201d\u201d custom_padding_phone=\u201d25px||||false|false\u201d global_colors_info=\u201d{}\u201d][et_pb_column type=\u201d4_4\u2033 _builder_version=\u201d4.16\u2033 _module_preset=\u201ddefault\u201d global_colors_info=\u201d{}\u201d][et_pb_text admin_label=\u201dTexto Banner\u201d _builder_version=\u201d4.16\u2033 _module_preset=\u201ddefault\u201d text_font=\u201d||||||||\u201d text_text_color=\u201d#FFFFFF\u201d text_font_size=\u201d30px\u201d header_font=\u201d|800|||||||\u201d header_text_color=\u201d#FFFFFF\u201d header_font_size=\u201d50px\u201d header_line_height=\u201d1.3em\u201d custom_margin=\u201d28px|||||\u201d animation_style=\u201dfade\u201d animation_delay=\u201d150ms\u201d animation_speed_curve=\u201dlinear\u201d text_font_size_tablet=\u201d\u201d text_font_size_phone=\u201d25px\u201d text_font_size_last_edited=\u201don|phone\u201d header_font_size_tablet=\u201d\u201d header_font_size_phone=\u201d37px\u201d header_font_size_last_edited=\u201don|phone\u201d global_colors_info=\u201d{}\u201d]<\/p>\n<h1>PEDAGOGICAL CURRICULUM:<\/h1>\n<p>Coexistence and Peace<\/p>\n<p>[\/et_pb_text][et_pb_button button_url=\u201dhttps:\/\/www.colombianitos.org\/que-hacemos\/#curriculos\u201d button_text=\u201dVer Todos\u201d _builder_version=\u201d4.16\u2033 _module_preset=\u201ddefault\u201d background_layout=\u201ddark\u201d animation_style=\u201dfade\u201d global_colors_info=\u201d{}\u201d][\/et_pb_button][\/et_pb_column][\/et_pb_row][\/et_pb_section][et_pb_section fb_built=\u201d1\u2033 _builder_version=\u201d4.16\u2033 _module_preset=\u201ddefault\u201d background_image=\u201dhttps:\/\/www.colombianitos.org\/wp-content\/uploads\/2021\/04\/Fondo-dos-caritas-aarriba-07.png\u201d background_position=\u201dtop_right\u201d da_disable_devices=\u201doff|off|off\u201d global_colors_info=\u201d{}\u201d da_is_popup=\u201doff\u201d da_exit_intent=\u201doff\u201d da_has_close=\u201don\u201d da_alt_close=\u201doff\u201d da_dark_close=\u201doff\u201d da_not_modal=\u201don\u201d da_is_singular=\u201doff\u201d da_with_loader=\u201doff\u201d da_has_shadow=\u201don\u201d][et_pb_row column_structure=\u201d1_3,1_3,1_3\u2033 _builder_version=\u201d4.16\u2033 _module_preset=\u201ddefault\u201d global_colors_info=\u201d{}\u201d][et_pb_column type=\u201d1_3\u2033 _builder_version=\u201d4.16\u2033 _module_preset=\u201ddefault\u201d global_colors_info=\u201d{}\u201d][et_pb_image src=\u201dhttps:\/\/www.colombianitos.org\/wp-content\/uploads\/2021\/04\/CONVIVENCIA-Y-PAZ.png\u201d title_text=\u201dCONVIVENCIA Y PAZ\u201d _builder_version=\u201d4.16\u2033 _module_preset=\u201ddefault\u201d width=\u201d80%\u201d global_colors_info=\u201d{}\u201d][\/et_pb_image][\/et_pb_column][et_pb_column type=\u201d1_3\u2033 _builder_version=\u201d4.16\u2033 _module_preset=\u201ddefault\u201d global_colors_info=\u201d{}\u201d][\/et_pb_column][et_pb_column type=\u201d1_3\u2033 _builder_version=\u201d4.16\u2033 _module_preset=\u201ddefault\u201d global_colors_info=\u201d{}\u201d][\/et_pb_column][\/et_pb_row][et_pb_row module_id=\u201dconvivencia\u201d _builder_version=\u201d4.16\u2033 _module_preset=\u201ddefault\u201d custom_margin_tablet=\u201d\u201d custom_margin_phone=\u201d-150px||||false|false\u201d custom_margin_last_edited=\u201don|phone\u201d global_colors_info=\u201d{}\u201d][et_pb_column type=\u201d4_4\u2033 _builder_version=\u201d4.16\u2033 _module_preset=\u201ddefault\u201d global_colors_info=\u201d{}\u201d][et_pb_text _builder_version=\u201d4.16\u2033 _module_preset=\u201ddefault\u201d text_font_size=\u201d22px\u201d header_font=\u201d|800|||||||\u201d header_font_size=\u201d43px\u201d custom_margin_tablet=\u201d\u201d custom_margin_phone=\u201d||||false|false\u201d custom_margin_last_edited=\u201don|phone\u201d header_font_size_tablet=\u201d\u201d header_font_size_phone=\u201d44px\u201d header_font_size_last_edited=\u201don|phone\u201d global_colors_info=\u201d{}\u201d]<\/p>\n<h1>Coexistence and Peace<\/h1>\n<p><b><span style=\"font-weight: 400;\">goals for a better life<\/span><\/b><\/p>\n<p>[\/et_pb_text][\/et_pb_column][\/et_pb_row][et_pb_row _builder_version=\u201d4.16\u2033 _module_preset=\u201ddefault\u201d global_colors_info=\u201d{}\u201d][et_pb_column type=\u201d4_4\u2033 _builder_version=\u201d4.16\u2033 _module_preset=\u201ddefault\u201d global_colors_info=\u201d{}\u201d][et_pb_text _builder_version=\u201d4.16\u2033 _module_preset=\u201ddefault\u201d text_font_size=\u201d18px\u201d text_line_height=\u201d1.8em\u201d global_colors_info=\u201d{}\u201d]<\/p>\n<p><span style=\"font-weight: 400;\">This curriculum proposed the development of socio-emotional and civic competitions through\nsports practice that, with a pedagogical intention, uses the rules of the game to promote\nnon-violence, social integration, and the prevention of risk factors, such as absenteeism,\nbullying, and school abandonment.<\/span><\/p>\n<p>Thanks to our Coexistence and Peace curriculum we have benefited 116.499 people.<\/p>\n<p>[\/et_pb_text][\/et_pb_column][\/et_pb_row][\/et_pb_section][et_pb_section fb_built=\u201d1\u2033 _builder_version=\u201d4.16\u2033 _module_preset=\u201ddefault\u201d custom_padding=\u201d0px||0px|||\u201d da_disable_devices=\u201doff|off|off\u201d global_colors_info=\u201d{}\u201d da_is_popup=\u201doff\u201d da_exit_intent=\u201doff\u201d da_has_close=\u201don\u201d da_alt_close=\u201doff\u201d da_dark_close=\u201doff\u201d da_not_modal=\u201don\u201d da_is_singular=\u201doff\u201d da_with_loader=\u201doff\u201d da_has_shadow=\u201don\u201d][et_pb_row use_custom_gutter=\u201don\u201d gutter_width=\u201d1\u2033 _builder_version=\u201d4.16\u2033 _module_preset=\u201ddefault\u201d max_width=\u201d100%\u201d custom_padding=\u201d2px||0px|||\u201d global_colors_info=\u201d{}\u201d][et_pb_column type=\u201d4_4\u2033 _builder_version=\u201d4.16\u2033 _module_preset=\u201ddefault\u201d global_colors_info=\u201d{}\u201d][dica_divi_carousel item_width_auto=\u201don\u201d item_width=\u201d100%\u201d multislide=\u201don\u201d autoplay=\u201don\u201d hoverpause=\u201don\u201d arrow_nav=\u201don\u201d equal_height=\u201don\u201d advanced_effect=\u201d1\u2033 arrow_alignment=\u201dcenter\u201d _builder_version=\u201d4.16\u2033 _module_preset=\u201ddefault\u201d width=\u201d100%\u201d max_height=\u201d1000px\u201d custom_padding=\u201d||0px|||\u201d global_colors_info=\u201d{}\u201d][dica_divi_carouselitem button_url_new_window=\u201d1\u2033 image=\u201dhttps:\/\/www.colombianitos.org\/wp-content\/uploads\/2021\/06\/13052021-1-1.jpg\u201d _builder_version=\u201d4.16\u2033 _module_preset=\u201ddefault\u201d global_colors_info=\u201d{}\u201d][\/dica_divi_carouselitem][dica_divi_carouselitem button_url_new_window=\u201d1\u2033 image=\u201dhttps:\/\/www.colombianitos.org\/wp-content\/uploads\/2021\/06\/13052021-4-1.jpg\u201d _builder_version=\u201d4.16\u2033 _module_preset=\u201ddefault\u201d global_colors_info=\u201d{}\u201d][\/dica_divi_carouselitem][dica_divi_carouselitem button_url_new_window=\u201d1\u2033 image=\u201dhttps:\/\/www.colombianitos.org\/wp-content\/uploads\/2021\/06\/13052021-3-1.jpg\u201d _builder_version=\u201d4.16\u2033 _module_preset=\u201ddefault\u201d global_colors_info=\u201d{}\u201d][\/dica_divi_carouselitem][dica_divi_carouselitem button_url_new_window=\u201d1\u2033 image=\u201dhttps:\/\/www.colombianitos.org\/wp-content\/uploads\/2021\/06\/13052021-5-1.jpg\u201d _builder_version=\u201d4.16\u2033 _module_preset=\u201ddefault\u201d global_colors_info=\u201d{}\u201d][\/dica_divi_carouselitem][dica_divi_carouselitem button_url_new_window=\u201d1\u2033 image=\u201dhttps:\/\/www.colombianitos.org\/wp-content\/uploads\/2021\/06\/13052021-11-1.jpg\u201d _builder_version=\u201d4.16\u2033 _module_preset=\u201ddefault\u201d global_colors_info=\u201d{}\u201d][\/dica_divi_carouselitem][dica_divi_carouselitem button_url_new_window=\u201d1\u2033 image=\u201dhttps:\/\/www.colombianitos.org\/wp-content\/uploads\/2021\/06\/13052021-6-1.jpg\u201d _builder_version=\u201d4.16\u2033 _module_preset=\u201ddefault\u201d global_colors_info=\u201d{}\u201d][\/dica_divi_carouselitem][dica_divi_carouselitem button_url_new_window=\u201d1\u2033 image=\u201dhttps:\/\/www.colombianitos.org\/wp-content\/uploads\/2021\/06\/13052021-7-1.jpg\u201d _builder_version=\u201d4.16\u2033 _module_preset=\u201ddefault\u201d global_colors_info=\u201d{}\u201d][\/dica_divi_carouselitem][dica_divi_carouselitem button_url_new_window=\u201d1\u2033 image=\u201dhttps:\/\/www.colombianitos.org\/wp-content\/uploads\/2021\/06\/13052021-8-1.jpg\u201d _builder_version=\u201d4.16\u2033 _module_preset=\u201ddefault\u201d global_colors_info=\u201d{}\u201d][\/dica_divi_carouselitem][dica_divi_carouselitem button_url_new_window=\u201d1\u2033 image=\u201dhttps:\/\/www.colombianitos.org\/wp-content\/uploads\/2021\/06\/13052021-9-1.jpg\u201d _builder_version=\u201d4.16\u2033 _module_preset=\u201ddefault\u201d global_colors_info=\u201d{}\u201d][\/dica_divi_carouselitem][dica_divi_carouselitem button_url_new_window=\u201d1\u2033 image=\u201dhttps:\/\/www.colombianitos.org\/wp-content\/uploads\/2021\/06\/13052021-10-1.jpg\u201d _builder_version=\u201d4.16\u2033 _module_preset=\u201ddefault\u201d global_colors_info=\u201d{}\u201d][\/dica_divi_carouselitem][\/dica_divi_carousel][\/et_pb_column][\/et_pb_row][\/et_pb_section][et_pb_section fb_built=\u201d1\u2033 _builder_version=\u201d4.16\u2033 _module_preset=\u201ddefault\u201d background_enable_image=\u201doff\u201d background_position=\u201dtop_right\u201d custom_padding=\u201d41px||6px|||\u201d da_disable_devices=\u201doff|off|off\u201d global_colors_info=\u201d{}\u201d da_is_popup=\u201doff\u201d da_exit_intent=\u201doff\u201d da_has_close=\u201don\u201d da_alt_close=\u201doff\u201d da_dark_close=\u201doff\u201d da_not_modal=\u201don\u201d da_is_singular=\u201doff\u201d da_with_loader=\u201doff\u201d da_has_shadow=\u201don\u201d][et_pb_row column_structure=\u201d1_2,1_2\u2033 _builder_version=\u201d4.16\u2033 _module_preset=\u201ddefault\u201d custom_margin=\u201d-5px|auto||auto||\u201d global_colors_info=\u201d{}\u201d][et_pb_column type=\u201d1_2\u2033 _builder_version=\u201d4.16\u2033 _module_preset=\u201ddefault\u201d global_colors_info=\u201d{}\u201d][et_pb_image src=\u201dhttps:\/\/www.colombianitos.org\/wp-content\/uploads\/2021\/04\/puntos.png\u201d title_text=\u201dpuntos\u201d _builder_version=\u201d4.16\u2033 _module_preset=\u201ddefault\u201d width=\u201d50%\u201d global_colors_info=\u201d{}\u201d][\/et_pb_image][et_pb_text _builder_version=\u201d4.16\u2033 _module_preset=\u201ddefault\u201d header_font=\u201d|800|||||||\u201d header_text_color=\u201d#2b77c8\u2033 header_font_size=\u201d50px\u201d global_colors_info=\u201d{}\u201d]<\/p>\n<h1>ALLIES<\/h1>\n<h1><\/h1>\n<p>[\/et_pb_text][\/et_pb_column][et_pb_column type=\u201d1_2\u2033 _builder_version=\u201d4.16\u2033 _module_preset=\u201ddefault\u201d global_colors_info=\u201d{}\u201d][\/et_pb_column][\/et_pb_row][et_pb_row _builder_version=\u201d4.16\u2033 _module_preset=\u201ddefault\u201d custom_margin=\u201d|auto|-19px|auto||\u201d custom_padding=\u201d3px||4px|||\u201d global_colors_info=\u201d{}\u201d][et_pb_column type=\u201d4_4\u2033 _builder_version=\u201d4.16\u2033 _module_preset=\u201ddefault\u201d global_colors_info=\u201d{}\u201d][dica_divi_carousel show_items_desktop=\u201d5\u2033 transition_duration=\u201d300\u2033 autoplay=\u201don\u201d item_spacing=\u201d36\u2033 advanced_effect=\u201d1\u2033 _builder_version=\u201d4.16\u2033 _module_preset=\u201ddefault\u201d custom_margin_tablet=\u201d\u201d custom_margin_phone=\u201d-80px||||false|false\u201d custom_margin_last_edited=\u201don|phone\u201d hover_enabled=\u201d0\u2033 global_colors_info=\u201d{}\u201d sticky_enabled=\u201d0\u2033][dica_divi_carouselitem admin_label=\u201decopetrol\u201d button_url_new_window=\u201d1\u2033 image=\u201dhttps:\/\/www.colombianitos.org\/wp-content\/uploads\/2021\/04\/ecopetrol.png\u201d _builder_version=\u201d4.16\u2033 _module_preset=\u201ddefault\u201d global_colors_info=\u201d{}\u201d][\/dica_divi_carouselitem][dica_divi_carouselitem admin_label=\u201dKimberly\u201d button_url_new_window=\u201d1\u2033 image=\u201dhttps:\/\/www.colombianitos.org\/wp-content\/uploads\/2021\/04\/kimberly.jpg\u201d _builder_version=\u201d4.16\u2033 _module_preset=\u201ddefault\u201d global_colors_info=\u201d{}\u201d][\/dica_divi_carouselitem][dica_divi_carouselitem admin_label=\u201dPlaza de las americas\u201d button_url_new_window=\u201d1\u2033 image=\u201dhttps:\/\/www.colombianitos.org\/wp-content\/uploads\/2021\/04\/plaza.png\u201d _builder_version=\u201d4.16\u2033 _module_preset=\u201ddefault\u201d global_colors_info=\u201d{}\u201d][\/dica_divi_carouselitem][dica_divi_carouselitem admin_label=\u201dcemex\u201d button_url_new_window=\u201d1\u2033 image=\u201dhttps:\/\/www.colombianitos.org\/wp-content\/uploads\/2021\/04\/567x406_0000s_0039_cemex.jpg\u201d _builder_version=\u201d4.16\u2033 _module_preset=\u201ddefault\u201d global_colors_info=\u201d{}\u201d][\/dica_divi_carouselitem][dica_divi_carouselitem admin_label=\u201dPaz del Rio\u201d button_url_new_window=\u201d1\u2033 image=\u201dhttps:\/\/www.colombianitos.org\/wp-content\/uploads\/2021\/04\/567x406_0000s_0040_paz-del-rio.jpg\u201d _builder_version=\u201d4.16\u2033 _module_preset=\u201ddefault\u201d global_colors_info=\u201d{}\u201d][\/dica_divi_carouselitem][dica_divi_carouselitem admin_label=\u201dPostobon\u201d button_url_new_window=\u201d1\u2033 image=\u201dhttps:\/\/www.colombianitos.org\/wp-content\/uploads\/2021\/04\/567x406_0000s_0041_postobon.jpg\u201d _builder_version=\u201d4.16\u2033 _module_preset=\u201ddefault\u201d global_colors_info=\u201d{}\u201d][\/dica_divi_carouselitem][dica_divi_carouselitem admin_label=\u201dZona Franca\u201d button_url_new_window=\u201d1\u2033 image=\u201dhttps:\/\/www.colombianitos.org\/wp-content\/uploads\/2021\/04\/567x406_0000s_0044_zona-franda-del-cauca.jpg\u201d _builder_version=\u201d4.16\u2033 _module_preset=\u201ddefault\u201d global_colors_info=\u201d{}\u201d][\/dica_divi_carouselitem][dica_divi_carouselitem admin_label=\u201dBogota\u201d button_url_new_window=\u201d1\u2033 image=\u201dhttps:\/\/www.colombianitos.org\/wp-content\/uploads\/2021\/04\/567x406_0000s_0046_logo-sed.jpg\u201d _builder_version=\u201d4.16\u2033 _module_preset=\u201ddefault\u201d global_colors_info=\u201d{}\u201d][\/dica_divi_carouselitem][dica_divi_carouselitem admin_label=\u201dBucaramanga\u201d button_url_new_window=\u201d1\u2033 image=\u201dhttps:\/\/www.colombianitos.org\/wp-content\/uploads\/2021\/04\/567x406_0000s_0061_aclaldia-bucaramanga.jpg\u201d _builder_version=\u201d4.16\u2033 _module_preset=\u201ddefault\u201d global_colors_info=\u201d{}\u201d][\/dica_divi_carouselitem][dica_divi_carouselitem admin_label=\u201dbancolombia\u201d button_url_new_window=\u201d1\u2033 image=\u201dhttps:\/\/www.colombianitos.org\/wp-content\/uploads\/2021\/04\/bancolombia.jpg\u201d image_alt=\u201dBancolombia\u201d _builder_version=\u201d4.16\u2033 _module_preset=\u201ddefault\u201d global_colors_info=\u201d{}\u201d][\/dica_divi_carouselitem][dica_divi_carouselitem admin_label=\u201davianca\u201d button_url_new_window=\u201d1\u2033 image=\u201dhttps:\/\/www.colombianitos.org\/wp-content\/uploads\/2021\/04\/avianca.jpg\u201d _builder_version=\u201d4.16\u2033 _module_preset=\u201ddefault\u201d global_colors_info=\u201d{}\u201d][\/dica_divi_carouselitem][\/dica_divi_carousel][dica_divi_carousel show_items_desktop=\u201d5\u2033 transition_duration=\u201d300\u2033 autoplay=\u201don\u201d item_spacing=\u201d36\u2033 advanced_effect=\u201d1\u2033 _builder_version=\u201d4.20.4\u2033 _module_preset=\u201ddefault\u201d custom_margin_tablet=\u201d\u201d custom_margin_phone=\u201d-80px||||false|false\u201d custom_margin_last_edited=\u201don|phone\u201d hover_enabled=\u201d0\u2033 global_colors_info=\u201d{}\u201d sticky_enabled=\u201d0\u2033][dica_divi_carouselitem admin_label=\u201dDamas Salesianas\u201d button_url_new_window=\u201d1\u2033 image=\u201dhttps:\/\/www.colombianitos.org\/wp-content\/uploads\/2024\/04\/Damas-Salesianas-e1712942028355.jpg\u201d _builder_version=\u201d4.20.4\u2033 _module_preset=\u201ddefault\u201d hover_enabled=\u201d0\u2033 global_colors_info=\u201d{}\u201d title_text=\u201dDamas Salesianas\u201d sticky_enabled=\u201d0\u2033][\/dica_divi_carouselitem][dica_divi_carouselitem admin_label=\u201dFundaci\u00f3n Bol\u00edvar Davivienda\u201d button_url_new_window=\u201d1\u2033 image=\u201dhttps:\/\/www.colombianitos.org\/wp-content\/uploads\/2021\/04\/567x406_0000s_0037_fundacion-bolivar-davivienda.jpg\u201d _builder_version=\u201d4.20.4\u2033 _module_preset=\u201ddefault\u201d hover_enabled=\u201d0\u2033 global_colors_info=\u201d{}\u201d title_text=\u201d567x406_0000s_0037_fundacion-bolivar-davivienda\u201d sticky_enabled=\u201d0\u2033][\/dica_divi_carouselitem][dica_divi_carouselitem admin_label=\u201dScort Foundation\u201d button_url_new_window=\u201d1\u2033 image=\u201dhttps:\/\/www.colombianitos.org\/wp-content\/uploads\/2024\/04\/Scort-Foundation-e1712942433391.png\u201d _builder_version=\u201d4.20.4\u2033 _module_preset=\u201ddefault\u201d hover_enabled=\u201d0\u2033 global_colors_info=\u201d{}\u201d title_text=\u201dScort Foundation\u201d sticky_enabled=\u201d0\u2033][\/dica_divi_carouselitem][dica_divi_carouselitem admin_label=\u201dARN-Reincorporaci\u00f3n\u201d button_url_new_window=\u201d1\u2033 image=\u201dhttps:\/\/www.colombianitos.org\/wp-content\/uploads\/2024\/02\/ARN.png\u201d _builder_version=\u201d4.20.4\u2033 _module_preset=\u201ddefault\u201d hover_enabled=\u201d0\u2033 global_colors_info=\u201d{}\u201d title_text=\u201dARN\u201d sticky_enabled=\u201d0\u2033][\/dica_divi_carouselitem][dica_divi_carouselitem admin_label=\u201dEmbajada de Suiza\u201d button_url_new_window=\u201d1\u2033 image=\u201dhttps:\/\/www.colombianitos.org\/wp-content\/uploads\/2024\/02\/Embajada-Suiza-e1707423163517.png\u201d _builder_version=\u201d4.20.4\u2033 _module_preset=\u201ddefault\u201d hover_enabled=\u201d0\u2033 global_colors_info=\u201d{}\u201d title_text=\u201dEmbajada Suiza\u201d sticky_enabled=\u201d0\u2033][\/dica_divi_carouselitem][dica_divi_carouselitem admin_label=\u201dFundaci\u00f3n San Antonio\u201d button_url_new_window=\u201d1\u2033 image=\u201dhttps:\/\/www.colombianitos.org\/wp-content\/uploads\/2024\/02\/Fundacion-San-Antonio-e1707424988225.png\u201d _builder_version=\u201d4.20.4\u2033 _module_preset=\u201ddefault\u201d hover_enabled=\u201d0\u2033 global_colors_info=\u201d{}\u201d title_text=\u201dFundaci\u00f3n San Antonio\u201d sticky_enabled=\u201d0\u2033][\/dica_divi_carouselitem][dica_divi_carouselitem admin_label=\u201dOlpana\u201d button_url_new_window=\u201d1\u2033 image=\u201dhttps:\/\/www.colombianitos.org\/wp-content\/uploads\/2024\/04\/Olpana-e1712766956689.jpeg\u201d _builder_version=\u201d4.20.4\u2033 _module_preset=\u201ddefault\u201d hover_enabled=\u201d0\u2033 global_colors_info=\u201d{}\u201d title_text=\u201dOlpana\u201d sticky_enabled=\u201d0\u2033][\/dica_divi_carouselitem][dica_divi_carouselitem admin_label=\u201dPuerto Bah\u00eda\u201d button_url_new_window=\u201d1\u2033 image=\u201dhttps:\/\/www.colombianitos.org\/wp-content\/uploads\/2024\/04\/Fundacion-Puerto-Bahia-e1712942324812.png\u201d _builder_version=\u201d4.20.4\u2033 _module_preset=\u201ddefault\u201d hover_enabled=\u201d0\u2033 global_colors_info=\u201d{}\u201d title_text=\u201dFundacion Puerto Bahia\u201d sticky_enabled=\u201d0\u2033][\/dica_divi_carouselitem][dica_divi_carouselitem admin_label=\u201dSomos Bar\u00fa\u201d button_url_new_window=\u201d1\u2033 image=\u201dhttps:\/\/www.colombianitos.org\/wp-content\/uploads\/2024\/04\/Somos-Baru-e1712942383678.png\u201d _builder_version=\u201d4.20.4\u2033 _module_preset=\u201ddefault\u201d hover_enabled=\u201d0\u2033 global_colors_info=\u201d{}\u201d title_text=\u201dSomos Baru\u201d sticky_enabled=\u201d0\u2033][\/dica_divi_carouselitem][dica_divi_carouselitem admin_label=\u201dFundaci\u00f3n Santo Domingo\u201d button_url_new_window=\u201d1\u2033 image=\u201dhttps:\/\/www.colombianitos.org\/wp-content\/uploads\/2024\/04\/Fundacion-Santo-Domingo-e1712940616277.png\u201d image_alt=\u201dBancolombia\u201d _builder_version=\u201d4.20.4\u2033 _module_preset=\u201ddefault\u201d hover_enabled=\u201d0\u2033 global_colors_info=\u201d{}\u201d title_text=\u201dFundacion Santo Domingo\u201d sticky_enabled=\u201d0\u2033][\/dica_divi_carouselitem][dica_divi_carouselitem admin_label=\u201dFundaci\u00f3n Hern\u00e1n Echavarr\u00eda\u201d button_url_new_window=\u201d1\u2033 image=\u201dhttps:\/\/www.colombianitos.org\/wp-content\/uploads\/2024\/04\/fundacion-Hernan-Echeverry-e1712941768693.png\u201d _builder_version=\u201d4.20.4\u2033 _module_preset=\u201ddefault\u201d hover_enabled=\u201d0\u2033 global_colors_info=\u201d{}\u201d title_text=\u201dfundacion Hernan Echeverry\u201d sticky_enabled=\u201d0\u2033][\/dica_divi_carouselitem][dica_divi_carouselitem admin_label=\u201dGrupo Argos\u201d button_url_new_window=\u201d1\u2033 image=\u201dhttps:\/\/www.colombianitos.org\/wp-content\/uploads\/2024\/02\/Argos-2-e1707504396621.png\u201d _builder_version=\u201d4.20.4\u2033 _module_preset=\u201ddefault\u201d hover_enabled=\u201d0\u2033 global_colors_info=\u201d{}\u201d title_text=\u201dArgos\u201d sticky_enabled=\u201d0\u2033][\/dica_divi_carouselitem][\/dica_divi_carousel][\/et_pb_column][\/et_pb_row][\/et_pb_section]<\/p>\n<\/body>","protected":false},"excerpt":{"rendered":"<p>CURR\u00cdCULO PEDAG\u00d3GICO: Convivencia y PazConvivencia y Paz Goles para una vida mejorEste curr\u00edculo propone el desarrollo de competencias socioemocionales y ciudadanas mediante la pr\u00e1ctica deportiva que, con una intencionalidad pedag\u00f3gica, utiliza las reglas de juego para promocionar la no violencia, la integraci\u00f3n social y la prevenci\u00f3n de factores de riesgo, tales como el ausentismo, el [&hellip;]<\/p>","protected":false},"author":1,"featured_media":0,"parent":0,"menu_order":0,"comment_status":"closed","ping_status":"closed","template":"","meta":{"nf_dc_page":"","_et_pb_use_builder":"on","_et_pb_old_content":"","_et_gb_content_width":"","om_disable_all_campaigns":false,"_monsterinsights_skip_tracking":false,"_monsterinsights_sitenote_active":false,"_monsterinsights_sitenote_note":"","_monsterinsights_sitenote_category":0,"footnotes":""},"class_list":["post-440","page","type-page","status-publish","hentry"],"aioseo_notices":[],"jetpack_sharing_enabled":true,"_links":{"self":[{"href":"https:\/\/www.colombianitos.org\/en\/wp-json\/wp\/v2\/pages\/440","targetHints":{"allow":["GET"]}}],"collection":[{"href":"https:\/\/www.colombianitos.org\/en\/wp-json\/wp\/v2\/pages"}],"about":[{"href":"https:\/\/www.colombianitos.org\/en\/wp-json\/wp\/v2\/types\/page"}],"author":[{"embeddable":true,"href":"https:\/\/www.colombianitos.org\/en\/wp-json\/wp\/v2\/users\/1"}],"replies":[{"embeddable":true,"href":"https:\/\/www.colombianitos.org\/en\/wp-json\/wp\/v2\/comments?post=440"}],"version-history":[{"count":4,"href":"https:\/\/www.colombianitos.org\/en\/wp-json\/wp\/v2\/pages\/440\/revisions"}],"predecessor-version":[{"id":13404,"href":"https:\/\/www.colombianitos.org\/en\/wp-json\/wp\/v2\/pages\/440\/revisions\/13404"}],"wp:attachment":[{"href":"https:\/\/www.colombianitos.org\/en\/wp-json\/wp\/v2\/media?parent=440"}],"curies":[{"name":"wp","href":"https:\/\/api.w.org\/{rel}","templated":true}]}}